{"id":48,"date":"2023-01-29T17:47:45","date_gmt":"2023-01-29T16:47:45","guid":{"rendered":"http:\/\/wikimediardc.org\/?page_id=48"},"modified":"2025-01-13T21:26:34","modified_gmt":"2025-01-13T19:26:34","slug":"objectifs","status":"publish","type":"page","link":"https:\/\/wikimediardc.org\/index.php\/a-propos-de\/objectifs\/","title":{"rendered":"Statuts de l\u2019association"},"content":{"rendered":"\t\t<div data-elementor-type=\"wp-page\" data-elementor-id=\"48\" class=\"elementor elementor-48\">\n\t\t\t\t\t\t<section class=\"elementor-section elementor-top-section elementor-element elementor-element-41db2c34 elementor-section-boxed elementor-section-height-default elementor-section-height-default\" data-id=\"41db2c34\" data-element_type=\"section\">\n\t\t\t\t\t\t<div class=\"elementor-container elementor-column-gap-default\">\n\t\t\t\t\t<div class=\"elementor-column elementor-col-100 elementor-top-column elementor-element elementor-element-1b9b358a\" data-id=\"1b9b358a\" data-element_type=\"column\">\n\t\t\t<div class=\"elementor-widget-wrap elementor-element-populated\">\n\t\t\t\t\t\t<div class=\"elementor-element elementor-element-19a3e805 elementor-widget__width-initial elementor-widget elementor-widget-text-editor\" data-id=\"19a3e805\" data-element_type=\"widget\" data-widget_type=\"text-editor.default\">\n\t\t\t\t<div class=\"elementor-widget-container\">\n\t\t\t\t\t\t\t\t\t<p><\/p>\n<p>Ces statuts ont \u00e9t\u00e9 adopt\u00e9s et authentifi\u00e9s par le Minist\u00e8re de la Justice et Garde des Sceaux de la R\u00e9publique D\u00e9mocratique du Congo.<\/p>\n<p><\/p>\n<p><strong><br><\/strong><\/p>\n<p><strong>PR\u00c9AMBULE<\/strong><\/p>\n<p><\/p>\n<p>L&rsquo;initiative de constituer une Association sans but lucratif, d\u00e9nomm\u00e9e Wikimedia RDC (WMRDC), r\u00e9sulte de la volont\u00e9 manifeste des Congolais et Congolaises, d\u00e9sireux de contribuer par leurs connaissances et exp\u00e9riences, dans le domaine du num\u00e9rique et du libre partage de connaissance, au d\u00e9veloppement du pays. Wikimedia RDC est une ASBL de droit congolais. Son appellation ne devrait pas porter \u00e0 confusion avec la Fondation internationale \u00ab\u00a0Wikimedia Foundation\u00a0\u00bb qui, en soi, est une Organisation de droit am\u00e9ricain, \u00e0 part enti\u00e8re, et \u00e9voluant \u00e0 l&rsquo;\u00e9tranger. L\u2019association WMRDC par contre est une ASBL de droit congolais, autonome. Elle a comme particularit\u00e9 de donner \u00e0 tout citoyen congolais la possibilit\u00e9 d&rsquo;y adh\u00e9rer sans distinction de langue, de religion ou de sexe.<\/p>\n<p><\/p>\n<p><strong><br><\/strong><\/p>\n<p><strong>TITRE 1 : DE LA CONSTITUTION&nbsp;<\/strong><\/p>\n<p><\/p>\n<p><strong>Article 1. D\u00e9nomination<\/strong><\/p>\n<p><\/p>\n<p>L\u2019an deux mille dix-huit, le vingt-troisi\u00e8me jour du mois de novembre, est fond\u00e9 dans la ville de Kisangani en R\u00e9publique D\u00e9mocratique du Congo, entre les adh\u00e9rents aux pr\u00e9sents statuts, une association sans but lucratif ayant caract\u00e8re d\u2019association culturelle conform\u00e9ment \u00e0 l\u2019article 11 de la Loi n\u00b0004\/2001 du 20 juillet 2001 portant dispositions g\u00e9n\u00e9rales applicables aux associations sans but lucratif et aux \u00e9tablissements d\u2019utilit\u00e9 publique ayant pour nom \u201c<strong>Wikimedia RDC<\/strong>\u201d, WMRDC en sigle.<\/p>\n<p><\/p>\n<p><strong><br><\/strong><\/p>\n<p><strong>Article 2<\/strong>. Objet<\/p>\n<p><\/p>\n<p>L\u2019objet de l\u2019association est de soutenir la libre diffusion de la connaissance, notamment au travers des projets Wikimedia (Wikip\u00e9dia, Wiktionnaire, Wikimedia Commons, Wikidata\u2026) ainsi que tout autres initiatives de la connaissance libre (open source) et du num\u00e9rique.<\/p>\n<p><\/p>\n<p><strong><br><\/strong><\/p>\n<p><strong>Article 3<\/strong>. Si\u00e8ge Social<\/p>\n<p><\/p>\n<p>Le si\u00e8ge social est situ\u00e9 au num\u00e9ro 19, avenue des musiciens, Commune de la Makiso, Ville de Kisangani, en R\u00e9publique d\u00e9mocratique du Congo.&nbsp;<\/p>\n<p><\/p>\n<p>Il pourra \u00eatre transf\u00e9r\u00e9 par simple d\u00e9cision du conseil d&rsquo;administration ou par l\u2019assembl\u00e9e g\u00e9n\u00e9rale.&nbsp;<\/p>\n<p><\/p>\n<p><strong><br><\/strong><\/p>\n<p><strong>Article 4<\/strong>. Dur\u00e9e<\/p>\n<p><\/p>\n<p>La dur\u00e9e de l\u2019association est ind\u00e9termin\u00e9e.<\/p>\n<p><\/p>\n<p><strong><br><\/strong><\/p>\n<p><strong>Article 5<\/strong>. Rayon d\u2019actions<\/p>\n<p><\/p>\n<p>L\u2019association exerce ses activit\u00e9s dans toutes les provinces de la R\u00e9publique D\u00e9mocratique du Congo.<\/p>\n<p><\/p>\n<p><strong><br><\/strong><\/p>\n<p><strong>TITRE 2 : DE LA COMPOSITION<\/strong><\/p>\n<p><\/p>\n<p><strong>Article 6<\/strong> : Composition<\/p>\n<p><\/p>\n<p>L\u2019association comprend en son sein Trois (3) cat\u00e9gories des membres pr\u00e9sent\u00e9es comme suit :<\/p>\n<p><\/p>\n<p><strong><br><\/strong><\/p>\n<p><strong>CHAPITRE I : Membres effectifs<\/strong><\/p>\n<p><\/p>\n<p>Les membres effectifs sont les membres fondateurs et les membres adh\u00e9rents.<\/p>\n<p><\/p>\n<ol class=\"wp-block-list\"><p><\/p>\n<li>Membres fondateurs : les membres fondateurs sont des personnes physiques ou morales (dont les noms figurent en axe) qui ont concouru \u00e0 la constitution (cr\u00e9ation) de l\u2019association.<\/li>\n<p><\/p>\n<\/ol>\n<p><\/p>\n<ol class=\"wp-block-list\" start=\"2\"><p><\/p>\n<li>Les membres adh\u00e9rents : ce sont les personnes physiques et morales qui souscrivent librement au statut et r\u00e8glement int\u00e9rieur de l\u2019association. Ils paient leur droit d\u2019adh\u00e9sion \u00e0 l\u2019association et s\u2019acquittent de leur cotisation annuelle.<\/li>\n<p><\/p>\n<\/ol>\n<p><\/p>\n<p><strong><br><\/strong><\/p>\n<p><strong>CHAPITRE II : Membre sympathisant<\/strong><\/p>\n<p><\/p>\n<p>Les membres sympathisants sont constitu\u00e9s de b\u00e9n\u00e9voles et toute personne physique ou morale qui accepte de participer librement aux activit\u00e9s de l\u2019Association.<\/p>\n<p><\/p>\n<p>Ils ne sont pas assujettis \u00e0 payer le droit d\u2019adh\u00e9sion ni m\u00eame \u00e0 payer les cotisations annuelles et du coup, ils b\u00e9n\u00e9ficient moins de privil\u00e8ges que les adh\u00e9rents.<\/p>\n<p><\/p>\n<p>Ils peuvent participer \u00e0 l\u2019Assembl\u00e9e G\u00e9n\u00e9rale, sans voix d\u00e9lib\u00e9rative.<\/p>\n<p><\/p>\n<p><strong><br><\/strong><\/p>\n<p><strong>CHAPITRE III :&nbsp; Membre d\u2019honneur<\/strong><\/p>\n<p><\/p>\n<p>Un membre d\u2019honneur est tout partenaire tant public que priv\u00e9 qui adh\u00e8re \u00e0 la vision de l\u2019Association et accepte d\u2019accompagner l\u2019Association dans cette vision en vue de contribuer \u00e0 la r\u00e9alisation de ses objectifs.<\/p>\n<p><\/p>\n<p>Les membres d\u2019honneur peuvent participer \u00e0 l\u2019Assembl\u00e9e G\u00e9n\u00e9rale et au Conseil d\u2019Administration, sans voix d\u00e9lib\u00e9rative, en tant qu\u2019observateurs et consultants pour toute mati\u00e8re qui requiert leur avis, \u00e0 la demande du Conseil d\u2019Administration.<\/p>\n<p><\/p>\n<p><strong><br><\/strong><\/p>\n<p><strong>TITRE 3 : DES DROITS ET OBLIGATIONS DES MEMBRES<\/strong><\/p>\n<p><\/p>\n<p><strong>Article 7 :<\/strong> Condition d\u2019adh\u00e9sion<\/p>\n<p><\/p>\n<p>Un droit d\u2019entr\u00e9e pour les nouveaux membres adh\u00e9rents pourra \u00eatre vot\u00e9 par l\u2019assembl\u00e9e g\u00e9n\u00e9rale ordinaire.<\/p>\n<p><\/p>\n<p>\u00c0 d\u00e9faut, le droit d\u2019entr\u00e9e est fix\u00e9 \u00e0 l\u2019\u00e9quivalence de 1$ en franc congolais.&nbsp;<\/p>\n<p><\/p>\n<p><strong><br><\/strong><\/p>\n<p><strong>Article 8 :<\/strong> Cotisation<\/p>\n<p><\/p>\n<p>Le montant de la cotisation pour les membres adh\u00e9rents est fix\u00e9 au minimum 10$ par an.<\/p>\n<p><\/p>\n<p><strong><br><\/strong><\/p>\n<p><strong>Article 9 <\/strong>: Les membres fondateurs jouissent de droits de :&nbsp;<\/p>\n<p><\/p>\n<ul class=\"wp-block-list\"><p><\/p>\n<li>L\u2019information sur toutes les activit\u00e9s de l\u2019Association ;&nbsp;<\/li>\n<p><\/p>\n<li>Participation de droit au conseil d&rsquo;administration lors des d\u00e9cisions sensible \u00e0 la survie de l\u2019association ;<\/li>\n<p><\/p>\n<li>Droit de vote double lors des d\u00e9cisions sensible \u00e0 la survie de l\u2019association ;<\/li>\n<p><\/p>\n<li>&nbsp;Eligibilit\u00e9 et de vote dans diff\u00e9rents organes de l\u2019Association suivant les modalit\u00e9s fix\u00e9es par le r\u00e8glement int\u00e9rieur. Pour les 2 premiers mandats, les postes de membre du Conseil d\u2019Administration seront assur\u00e9s par les membres fondateurs afin de garder la vision.&nbsp;<\/li>\n<p><\/p>\n<li>Participer aux d\u00e9lib\u00e9rations de l\u2019Assembl\u00e9e g\u00e9n\u00e9rale, avec voix d\u00e9lib\u00e9rative.<\/li>\n<p><\/p>\n<li>Ils ne paient pas la cotisation annuelle.<\/li>\n<p><\/p>\n<\/ul>\n<p><\/p>\n<p><strong><br><\/strong><\/p>\n<p><strong>Article 10<\/strong> : Les membres adh\u00e9rents jouissent de droits de (d\u2019) :&nbsp;&nbsp;<\/p>\n<p><\/p>\n<ul class=\"wp-block-list\"><p><\/p>\n<li>Le droit d\u2019\u00eatre inform\u00e9 de toutes les initiatives et\/ou opportunit\u00e9 de l\u2019association (via une liste de diffusion, mail ou via les canaux de m\u00e9dias sociaux de l\u2019association)<\/li>\n<p><\/p>\n<li>Le droit de voter lors des assembl\u00e9es g\u00e9n\u00e9rales,&nbsp;<\/li>\n<p><\/p>\n<li>Le droit de postuler au conseil et\/ou aux postes vacants du staff de l\u2019association ;<\/li>\n<p><\/p>\n<li>Le droit de porter un projet et \u00eatre soutenu et\/ou accompagn\u00e9 par l\u2019association pour la mise en \u0153uvre de ce projet.<\/li>\n<p><\/p>\n<li>etc.&nbsp;&nbsp;<\/li>\n<p><\/p>\n<\/ul>\n<p><\/p>\n<p><strong><br><\/strong><\/p>\n<p><strong>Article 11<\/strong> : Les membres d\u2019honneurs peuvent participer aux d\u00e9lib\u00e9rations de l&rsquo;Assembl\u00e9e g\u00e9n\u00e9rale avec voix consultative. Ils b\u00e9n\u00e9ficient des avantages que l\u2019Association conf\u00e8re \u00e0 cette cat\u00e9gorie des membres.&nbsp;<\/p>\n<p><\/p>\n<p><strong><br><\/strong><\/p>\n<p><strong>Article 12<\/strong> : Tous les membres sont tenus au respect des pr\u00e9sents Statuts et du r\u00e8glement int\u00e9rieur. Ils s\u2019acquittent r\u00e9guli\u00e8rement de leurs contributions.<\/p>\n<p><\/p>\n<p><strong><br><\/strong><\/p>\n<p><strong>Article 13<\/strong> : Tout membre est tenu au secret des d\u00e9lib\u00e9rations de l\u2019Assembl\u00e9e G\u00e9n\u00e9rale.&nbsp;<\/p>\n<p><\/p>\n<p><strong><br><\/strong><\/p>\n<p><strong>Article 14<\/strong> : Perte de la qualit\u00e9 de membre&nbsp;<\/p>\n<p><\/p>\n<p>La qualit\u00e9 de membre adh\u00e9rent se perd soit en cas de d\u00e9c\u00e8s, soit par d\u00e9mission, soit par exclusion suite au manquement de paiement de la cotisation pendant une (1) ann\u00e9e ou pour autres motifs graves sp\u00e9cifi\u00e9s sur le r\u00e8glement d\u2019ordre ou le code de conduite de l\u2019association.<\/p>\n<p><\/p>\n<p><strong><br><\/strong><\/p>\n<p><strong>TITRE 4 : DE L\u2019ADMINISTRATION<\/strong><\/p>\n<p><\/p>\n<p><strong>Article 15 <\/strong>: WMRDC ASBL comporte Cinq (5) organes :&nbsp;<\/p>\n<p><\/p>\n<ul class=\"wp-block-list\"><p><\/p>\n<li>L&rsquo;Assembl\u00e9e G\u00e9n\u00e9rale&nbsp;<\/li>\n<p><\/p>\n<li>Le Conseil d\u2019Administration&nbsp;<\/li>\n<p><\/p>\n<li>Le Comit\u00e9 ex\u00e9cutif&nbsp;<\/li>\n<p><\/p>\n<li>La Commission de v\u00e9rification des comptes<\/li>\n<p><\/p>\n<li>Le WikiClub.<\/li>\n<p><\/p>\n<\/ul>\n<p><\/p>\n<p><strong><br><\/strong><\/p>\n<p><strong>CHAPITRE IV : DE L\u2019ASSEMBL\u00c9E G\u00c9N\u00c9RALE<\/strong><\/p>\n<p><\/p>\n<p><strong>Article 1<\/strong>6 : L\u2019Assembl\u00e9e g\u00e9n\u00e9rale est l\u2019organe d\u00e9lib\u00e9rant de WMRDC Asbl. Elle est compos\u00e9e des membres effectifs de WMRDC Asbl.&nbsp;<\/p>\n<p><\/p>\n<p><strong><br><\/strong><\/p>\n<p><strong>Article 17 <\/strong>: Sans pr\u00e9judice d\u2019autres dispositions des pr\u00e9sents Statuts, l&rsquo;Assembl\u00e9e G\u00e9n\u00e9rale :&nbsp;<\/p>\n<p><\/p>\n<ul class=\"wp-block-list\"><p><\/p>\n<li>D\u00e9finit la politique g\u00e9n\u00e9rale et arr\u00eate les principes d\u2019action de l\u2019Association ;&nbsp;<\/li>\n<p><\/p>\n<li>Approuve et modifie les Statuts de l\u2019Association ;&nbsp;<\/li>\n<p><\/p>\n<li>Approuve le budget et les comptes annuels de l\u2019Association ;&nbsp;<\/li>\n<p><\/p>\n<\/ul>\n<p><\/p>\n<p><strong><br><\/strong><\/p>\n<p><strong>Article 18<\/strong> : L\u2019Assembl\u00e9e G\u00e9n\u00e9rale est pr\u00e9sid\u00e9e par le pr\u00e9sident du Conseil d\u2019Administration qui est d\u2019office pr\u00e9sident du comit\u00e9 ex\u00e9cutif.&nbsp;<\/p>\n<p><\/p>\n<p><strong><br><\/strong><\/p>\n<p><strong>Article 19 <\/strong>: L\u2019Assembl\u00e9e g\u00e9n\u00e9rale se r\u00e9unit en session ordinaire ou extraordinaire. Elle se r\u00e9unit en session ordinaire une fois l\u2019an, sur convocation du pr\u00e9sident. Elle se r\u00e9unit en session extraordinaire chaque fois que besoin y est. Dans ce cas, l\u2019Assembl\u00e9e est convoqu\u00e9e sur demande du pr\u00e9sident du Conseil d&rsquo;Administration.&nbsp;<\/p>\n<p><\/p>\n<p><strong><br><\/strong><\/p>\n<p><strong>Article 20<\/strong> : L\u2019Assembl\u00e9e G\u00e9n\u00e9rale ordinaire ou extraordinaire ne d\u00e9lib\u00e8re valablement que si elle r\u00e9unit au moins la moiti\u00e9 des membres effectifs. Au cas o\u00f9 le quorum n\u2019est pas atteint, le pr\u00e9sident convoque une autre Assembl\u00e9e dans les quinze jours qui suivent. Dans ce cas, il n\u2019est plus tenu compte de quorum exig\u00e9 \u00e0 l&rsquo;alin\u00e9a pr\u00e9c\u00e9dent, l\u2019Assembl\u00e9e se r\u00e9unit et statue sans justifier du quorum. L\u2019Assembl\u00e9e statue \u00e0 la majorit\u00e9 simple des voix exprim\u00e9es. Lorsqu\u2019il y a modification des statuts, l\u2019Assembl\u00e9e g\u00e9n\u00e9rale ne peut valablement si\u00e9ger que si elle r\u00e9unit au moins deux tiers des membres effectifs. Dans ce cas, les d\u00e9cisions sont prises \u00e0 la majorit\u00e9 de trois quarts de membres pr\u00e9sents et votants.<\/p>\n<p><\/p>\n<p><strong><br><\/strong><\/p>\n<p><strong>CHAPITRE V : Le Conseil d\u2019Administration<\/strong><\/p>\n<p><\/p>\n<p><strong>Article 21 :<\/strong> L\u2019association est administr\u00e9e par un conseil d&rsquo;administration (CA) dont le nombre est fix\u00e9 par le r\u00e8glement int\u00e9rieur. \u00c0 d\u00e9faut, le conseil d&rsquo;administration est constitu\u00e9 au minimum de trois (3) si\u00e8ges \u00e9lus par l\u2019Assembl\u00e9e G\u00e9n\u00e9ral ainsi que d\u2019un (1) si\u00e8ge d\u2019un des membres fondateurs.<\/p>\n<p><\/p>\n<p>Les membres sont \u00e9lus pour deux (2) ans par l\u2019assembl\u00e9e g\u00e9n\u00e9rale. Ils sont r\u00e9\u00e9ligibles.<\/p>\n<p><\/p>\n<p>Est \u00e9ligible au Conseil d\u2019administration toute personne d\u2019au moins 18 ans, membre de l\u2019association depuis plus de six mois, adh\u00e9rent et \u00e0 jour de ses cotisations. Les votes sont publics, sauf si au moins un quart des membres pr\u00e9sent-e-s ou repr\u00e9sent\u00e9-e-s fait la demande d\u2019un vote \u00e0 scrutin secret.<\/p>\n<p><\/p>\n<p><strong><br><\/strong><\/p>\n<p><strong>Article 22 <\/strong>: Le CA \u00e9lit en son sein un bureau de trois personnes, charg\u00e9es respectivement de la pr\u00e9sidence, de la tr\u00e9sorerie et du secr\u00e9tariat.<\/p>\n<p><\/p>\n<p><strong><br><\/strong><\/p>\n<p><strong>Article 23 <\/strong>: Un\u00b7e Pr\u00e9sident\u00b7e : est charg\u00e9\u00b7e de repr\u00e9senter l\u2019association dans tous les actes de la vie civile. Il\u00b7elle a la qualit\u00e9 pour ester en justice au nom de l\u2019association. Le pr\u00e9sident du conseil d\u2019administration ainsi qu\u2019un des membres fondateurs repr\u00e9sentent l\u2019association aupr\u00e8s de la Fondation Wikimedia quant \u00e0 ce qui concerne les projets de l\u2019association, sa subvention ainsi que les rapports.<\/p>\n<p><\/p>\n<p><strong><br><\/strong><\/p>\n<p><strong>Article 24 <\/strong>: Un\u00b7e Tr\u00e9sorier\u00b7e : est le\u00b7la responsable financier de l\u2019Association. Avec le pr\u00e9sident, ils g\u00e8rent les comptes et assurent le suivi des recettes et d\u00e9penses de l\u2019association. Enfin, cette personne r\u00e9dige un rapport sur l\u2019\u00e9tat des comptes et de la tr\u00e9sorerie communiqu\u00e9s lors de l\u2019assembl\u00e9e g\u00e9n\u00e9rale.<\/p>\n<p><\/p>\n<p><strong><br><\/strong><\/p>\n<p><strong>Article 25 <\/strong>: Un\u00b7e Secr\u00e9taire : est charg\u00e9 d\u2019assurer le bon fonctionnement administratif et la communication interne de l\u2019association. Cette personne envoie les convocations aux r\u00e9unions et formalise les comptes-rendus de r\u00e9unions et PV.&nbsp;<\/p>\n<p><\/p>\n<p>Ces trois responsables constituent le bureau de l\u2019association. Leur r\u00f4le principal est d\u2019assurer le bon fonctionnement de l\u2019association selon le statut, sa gestion et l\u2019application des d\u00e9lib\u00e9rations.<\/p>\n<p><\/p>\n<p>En cas de vacance (d\u00e9c\u00e8s, d\u00e9mission, exclusion, etc.) d\u2019un ou plusieurs postes, le Conseil d\u2019administration pourvoit si besoin au remplacement de ces membres. Il est proc\u00e9d\u00e9 \u00e0 leur remplacement d\u00e9finitif par la prochaine Assembl\u00e9e G\u00e9n\u00e9rale Ordinaire. Les pouvoirs des membres ainsi \u00e9lus prennent fin \u00e0 l\u2019\u00e9poque o\u00f9 devraient normalement expirer le mandat des membres remplac\u00e9s.<\/p>\n<p><\/p>\n<p>Les membres du conseil d\u2019administration sont des b\u00e9n\u00e9voles.<\/p>\n<p><\/p>\n<p><strong><br><\/strong><\/p>\n<p><strong>Article 26 : <\/strong>R\u00e9union du conseil d\u2019administration<\/p>\n<p><\/p>\n<p>Les membres du conseil d\u2019administration se r\u00e9unissent une fois par trimestre. Le secr\u00e9taire du bureau du conseil notifie les membres de ce dernier deux semaines avant la tenue de la r\u00e9union . En cas d\u2019urgence, le pr\u00e9sident du conseil d\u2019administration peut convoquer une r\u00e9union \u00e0 n\u2019importe quel moment.<\/p>\n<p><\/p>\n<p><strong><br><\/strong><\/p>\n<p><strong>Article 27 : <\/strong>Exclusion du conseil d\u2019administration<\/p>\n<p><\/p>\n<p>La qualit\u00e9 de membre du conseil d\u2019administration se perd soit en cas de d\u00e9c\u00e8s, soit par d\u00e9mission, soit \u00e0 la fin du mandat, soit par exclusion suite aux fautes graves sp\u00e9cifi\u00e9s sur le r\u00e8glement d\u2019ordre ou code de conduite de l\u2019association.<\/p>\n<p><\/p>\n<p><strong><br><\/strong><\/p>\n<p><strong>CHAPITRE VI : Comit\u00e9 ex\u00e9cutif&nbsp;<\/strong><\/p>\n<p><\/p>\n<p><strong>Article<\/strong><strong><em> 28 : <\/em><\/strong>Le comit\u00e9 ex\u00e9cutif est constitu\u00e9 de salari\u00e9s de l\u2019association. Ils sont r\u00e9mun\u00e9r\u00e9s pour leur travail, ils ne votent pas et rendent compte au conseil d\u2019administration de l\u2019association. Toutefois, les b\u00e9n\u00e9voles peuvent aussi occuper ce poste au cas l\u2019association ne dispose pas encore assez de moyen.&nbsp;<\/p>\n<p><\/p>\n<p>Les membres du staff de l\u2019association peuvent \u00eatre \u00e9lus au conseil d\u2019administration. Cependant, le nombre de salari\u00e9s \u00e9lus au conseil d\u2019administration ne peut pas d\u00e9passer deux. Ils ne peuvent occuper de fonctions au bureau du CA.<\/p>\n<p><\/p>\n<p>Les membres du staff de l\u2019association peuvent \u00eatre appel\u00e9s par le pr\u00e9sident \u00e0 assister aux s\u00e9ances du conseil d\u2019administration.&nbsp;<\/p>\n<p><\/p>\n<p><strong><br><\/strong><\/p>\n<p><strong>Chapitre VII : La commission de v\u00e9rification des comptes&nbsp;<\/strong><\/p>\n<p><\/p>\n<p><strong>Article 29 <\/strong>: L\u2019Assembl\u00e9e G\u00e9n\u00e9rale nomme pour une p\u00e9riode de 2 ans, parmi les membres de WM DRC deux v\u00e9rificateurs de comptes. Les trois premiers mandats ne peuvent \u00eatre assum\u00e9s que par les membres fondateurs.<\/p>\n<p><\/p>\n<p><strong><br><\/strong><\/p>\n<p><strong>Chapitre VIII : Le WikiClub&nbsp;<\/strong><\/p>\n<p><\/p>\n<p><strong>Article 30 : <\/strong>Un WikiClub est une repr\u00e9sentation de l\u2019association dans une ville. Il est dirig\u00e9 par un\u00b7e Pr\u00e9sident\u00b7e et un\u00b7e secr\u00e9taire de club, qui assurent la bonne marche du club, impl\u00e9mentent les projets et rendent compte au comit\u00e9 ex\u00e9cutif.&nbsp;<\/p>\n<p><\/p>\n<p>Les responsables des WikiClubs sont des b\u00e9n\u00e9voles.<\/p>\n<p><\/p>\n<p><strong><br><\/strong><\/p>\n<p><strong>TITRE 5 : DES RESSOURCES<\/strong><\/p>\n<p><\/p>\n<p><strong>Article 31 :<\/strong> Les ressources de \u201cWikimedia RDC\u201d proviennent&nbsp;:<\/p>\n<p><\/p>\n<ul class=\"wp-block-list\"><p><\/p>\n<li>Des cotisations, souscriptions et dons de ses membres ;<\/li>\n<p><\/p>\n<li>Des dons et legs publics ;<\/li>\n<p><\/p>\n<li>Des subventions publiques ou parapubliques ;<\/li>\n<p><\/p>\n<li>Du produit de ventes et de r\u00e9tributions per\u00e7ues pour service rendu\u202f;<\/li>\n<p><\/p>\n<li>D\u2019appels \u00e0 la g\u00e9n\u00e9rosit\u00e9 du public ;<\/li>\n<p><\/p>\n<li>De subventions, m\u00e9c\u00e9nats, parrainages, sponsoring&nbsp;d\u2019origines priv\u00e9es\u202f;<\/li>\n<p><\/p>\n<li>De subventions du mouvement Wikimedia ;<\/li>\n<p><\/p>\n<li>Revenus de ses activit\u00e9s d\u2019auto-financement ;<\/li>\n<p><\/p>\n<li>De ressources cr\u00e9\u00e9es \u00e0 titre exceptionnel ;<\/li>\n<p><\/p>\n<li>Etc.<\/li>\n<p><\/p>\n<\/ul>\n<p><\/p>\n<p><strong><br><\/strong><\/p>\n<p><strong>Article 32 : <\/strong>La WMRDC Asbl cr\u00e9e les activit\u00e9s aux fins de lui permettre de r\u00e9aliser les objectifs assign\u00e9s. Elles sont un moyen de ressource pour la structure.&nbsp;<\/p>\n<p><\/p>\n<p><strong><br><\/strong><\/p>\n<p><strong>Article 33 : <\/strong>La WMRDC Asbl ne peut accepter des fonds qui sont susceptibles d\u2019ali\u00e9ner son ind\u00e9pendance ou d\u2019entamer son cr\u00e9dit.<\/p>\n<p><\/p>\n<p><strong><br><\/strong><\/p>\n<p><strong>Article 34 : <\/strong>L\u2019Asbl WMRDC garde et g\u00e8re ses propres fonds. Toutefois, la garde des fonds peut \u00eatre log\u00e9e dans une institution bancaire s\u00fbre, fiable et accessible. Les modalit\u00e9s de leur gestion sont fix\u00e9es dans le r\u00e8glement int\u00e9rieur.<\/p>\n<p><\/p>\n<p><strong><br><\/strong><\/p>\n<p><strong>TITRE 6 : MODIFICATION, DISSOLUTION ET LIQUIDATION, DISPOSITIONS TRANSITOIRES ET FINALES<\/strong><\/p>\n<p><\/p>\n<p><strong>Article 35<\/strong> : Les pr\u00e9sents statuts ne peuvent \u00eatre revus ou modifi\u00e9s qu\u2019\u00e0 la majorit\u00e9 des 2\/3 des membres effectifs r\u00e9unis en Assembl\u00e9e G\u00e9n\u00e9rale. Toutefois, la voix d\u2019au moins cinq membres fondateurs est obligatoire dans cette majorit\u00e9 pour l\u2019aboutissement des modifications.&nbsp;<\/p>\n<p><\/p>\n<p><strong><br><\/strong><\/p>\n<p><strong>Chapitre IX :&nbsp; DISSOLUTION ET LIQUIDATION<\/strong><\/p>\n<p><\/p>\n<p><strong>Article 36<\/strong> : L\u2019ASBL WMRDC ne peut \u00eatre dissoute que par une d\u00e9cision de la majorit\u00e9 de 2\/3 des membres effectifs r\u00e9unis en Assembl\u00e9e G\u00e9n\u00e9rale. Ce faisant, comme pour la modification, la voix d\u2019au moins cinq membres fondateurs est requise.&nbsp;<br><strong><br><\/strong><\/p>\n<p><strong>Article 37 : <\/strong>La liquidation s\u2019op\u00e8re par les soins d\u2019un ou de plusieurs liquidateurs d\u00e9sign\u00e9s en vertu d\u2019une d\u00e9cision de la majorit\u00e9 des 2\/3 des membres effectifs en application des pr\u00e9sents statuts. Ainsi, les biens de l\u2019association seront attribu\u00e9s par l\u2019Assembl\u00e9e G\u00e9n\u00e9rale \u00e0 une autre association sans but lucratif poursuivant le m\u00eame but que WMRDC. Les d\u00e9cisions relatives \u00e0 la dissolution et \u00e0 la liquidation sont prises dans les m\u00eames conditions que celle pr\u00e9vue \u00e0 l\u2019article 36 . N\u00e9anmoins, si le Pr\u00e9sident est l\u2019un des cofondateurs au moment de la liquidation du WMRDC il est d\u2019office liquidateur.<\/p>\n<p><\/p>\n<p><strong><br><\/strong><\/p>\n<p><strong>Chapitre X :&nbsp; DISPOSITIONS TRANSITOIRES ET FINALES<\/strong><\/p>\n<p><\/p>\n<p><strong>Article 38 : <\/strong>Les premiers membres du CA sont ceux d\u00e9sign\u00e9s dans les proc\u00e8s-verbaux annex\u00e9s aux pr\u00e9sents statuts pour un mandat prenant cours \u00e0 dater de l\u2019adoption des pr\u00e9sents statuts.<\/p><p><strong><br><\/strong><\/p><p><strong>Article 39&nbsp;<\/strong>: Les pr\u00e9sents statuts sont compl\u00e9t\u00e9s par le R\u00e8glement int\u00e9rieur. Ils sont opposables aux membres \u00e0 la date de leur adoption en Assembl\u00e9e G\u00e9n\u00e9rale constitutive. Tout ce qui n\u2019est pas pr\u00e9vu dans les pr\u00e9sents statuts fera l\u2019objet du R\u00e8glement Int\u00e9rieur auxquels tous les membres de l\u2019Association doivent souscrire conform\u00e9ment aux dispositions de la Loi n\u00b0 004\/2001 du 20 juillet 2001 portant 12 dispositions g\u00e9n\u00e9rales applicables aux Associations Sans But Lucratif et aux \u00c9tablissements d\u2019Utilit\u00e9 Publique.<\/p>\n<p><\/p>\n<p><\/p>\t\t\t\t\t\t\t\t<\/div>\n\t\t\t\t<\/div>\n\t\t\t\t\t<\/div>\n\t\t<\/div>\n\t\t\t\t\t<\/div>\n\t\t<\/section>\n\t\t\t\t<\/div>\n\t\t","protected":false},"excerpt":{"rendered":"<p>Ces statuts ont \u00e9t\u00e9 adopt\u00e9s et authentifi\u00e9s par le Minist\u00e8re de la Justice et Garde des Sceaux de la R\u00e9publique D\u00e9mocratique du Congo. PR\u00c9AMBULE L&rsquo;initiative de constituer une Association sans but lucratif, d\u00e9nomm\u00e9e Wikimedia RDC (WMRDC), r\u00e9sulte de la volont\u00e9 manifeste des Congolais et Congolaises, d\u00e9sireux de contribuer par leurs connaissances et exp\u00e9riences, dans le [&hellip;]<\/p>\n","protected":false},"author":1,"featured_media":0,"parent":7,"menu_order":0,"comment_status":"closed","ping_status":"closed","template":"","meta":{"inline_featured_image":false,"footnotes":""},"class_list":["post-48","page","type-page","status-publish","hentry"],"_links":{"self":[{"href":"https:\/\/wikimediardc.org\/index.php\/wp-json\/wp\/v2\/pages\/48","targetHints":{"allow":["GET"]}}],"collection":[{"href":"https:\/\/wikimediardc.org\/index.php\/wp-json\/wp\/v2\/pages"}],"about":[{"href":"https:\/\/wikimediardc.org\/index.php\/wp-json\/wp\/v2\/types\/page"}],"author":[{"embeddable":true,"href":"https:\/\/wikimediardc.org\/index.php\/wp-json\/wp\/v2\/users\/1"}],"replies":[{"embeddable":true,"href":"https:\/\/wikimediardc.org\/index.php\/wp-json\/wp\/v2\/comments?post=48"}],"version-history":[{"count":16,"href":"https:\/\/wikimediardc.org\/index.php\/wp-json\/wp\/v2\/pages\/48\/revisions"}],"predecessor-version":[{"id":744,"href":"https:\/\/wikimediardc.org\/index.php\/wp-json\/wp\/v2\/pages\/48\/revisions\/744"}],"up":[{"embeddable":true,"href":"https:\/\/wikimediardc.org\/index.php\/wp-json\/wp\/v2\/pages\/7"}],"wp:attachment":[{"href":"https:\/\/wikimediardc.org\/index.php\/wp-json\/wp\/v2\/media?parent=48"}],"curies":[{"name":"wp","href":"https:\/\/api.w.org\/{rel}","templated":true}]}}